{"id":24,"date":"2017-08-19T15:54:58","date_gmt":"2017-08-19T13:54:58","guid":{"rendered":"http:\/\/tgsz.butzenluder.de\/?page_id=24"},"modified":"2017-10-05T20:48:00","modified_gmt":"2017-10-05T18:48:00","slug":"musical","status":"publish","type":"page","link":"http:\/\/tgsz.de\/wp\/sparten\/schuelertheater\/musical\/","title":{"rendered":"Musical"},"content":{"rendered":"<div id=\"inhalt\">\n<div id=\"textkasten\">\n<div id=\"musical\" class=\"mod_article block\">\n<div class=\"ce_text block\">Musicals sind immer Gro\u00dfprojekte. Daher gibt es sie nur in unregelm\u00e4\u00dfigen Abst\u00e4nden. <img loading=\"lazy\" decoding=\"async\" class=\"alignright\" src=\"http:\/\/tgsz.de\/typolight\/tl_files\/tgsz\/fotoalbum\/flowerpower\/DSC06505.jpg\" alt=\"Gruppe Flower Power\" width=\"298\" height=\"198\">Denn es ist nicht so leicht, die richtige Truppe f\u00fcr so ein Projekt zu finden. Man braucht Schauspieler, die singen und tanzen k\u00f6nnen &#8211; oder bereit sind es zu lernen. Eine Band, die bereit ist, \u00fcber sich hinaus zu wachsen. Regisseur, Chorleiter, Choreografen, Maske, B\u00fchnenbild, Technik: Alle Beteiligten geben f\u00fcr ein Musical-Projekt alles. Mindestens ein Jahr intensive Probenarbeit ist notwendig. Die Planung und die ersten Vorbereitungen laufen in etwa 2 Jahre vor der geplanten Auff\u00fchrung an.<br \/>\nMan kann sich vorstellen, dass es nicht immer leicht ist, alle(s) unter einen Hut zu bekommen.F\u00fcr den Bereich Technik ist ein Musical immer eine besondere Herausforderung. Zum einen besteht hier die M\u00f6glichkeit Beleuchtungselemente und Effekte einzusetzen, f\u00fcr die bei anderen Projekten weder Zeit noch Raum ist. Zum anderen muss aber alles koordiniert und sorgf\u00e4ltig geplant werden, um eine &#8220;Punktlandung&#8221; zu erzielen. Der logistische Aufwand ist enorm. Technik von mehreren Firmen wird zugemietet, zahlreiche LKW-Fahrten sind notwendig. Der Aufbau muss sorgf\u00e4ltig, aber zugleich flott von statten gehen. Ein kleiner Fehler bei der Verkabelung kann stundenlange Fehlersuche nach sich ziehen. Ein Aufbauplan ist notwendig, damit sich niemand in die Quere kommt. Denn die Probenarbeiten laufen parallel weiter. Das B\u00fchnenbild muss ebenso aufgebaut werden.<\/p>\n<\/div>\n<\/div>\n<\/div>\n<\/div>\n","protected":false},"excerpt":{"rendered":"<p>Musicals sind immer Gro\u00dfprojekte. Daher gibt es sie nur in unregelm\u00e4\u00dfigen Abst\u00e4nden. Denn es ist nicht so leicht, die richtige Truppe f\u00fcr so ein Projekt zu finden. Man braucht Schauspieler, die singen und tanzen k\u00f6nnen<a class=\"read-more\" href=\"http:\/\/tgsz.de\/wp\/sparten\/schuelertheater\/musical\/\">Continue reading<\/a><\/p>\n","protected":false},"author":1,"featured_media":0,"parent":16,"menu_order":0,"comment_status":"closed","ping_status":"closed","template":"","meta":{"ngg_post_thumbnail":0,"footnotes":""},"class_list":["post-24","page","type-page","status-publish","hentry"],"_links":{"self":[{"href":"http:\/\/tgsz.de\/wp\/wp-json\/wp\/v2\/pages\/24","targetHints":{"allow":["GET"]}}],"collection":[{"href":"http:\/\/tgsz.de\/wp\/wp-json\/wp\/v2\/pages"}],"about":[{"href":"http:\/\/tgsz.de\/wp\/wp-json\/wp\/v2\/types\/page"}],"author":[{"embeddable":true,"href":"http:\/\/tgsz.de\/wp\/wp-json\/wp\/v2\/users\/1"}],"replies":[{"embeddable":true,"href":"http:\/\/tgsz.de\/wp\/wp-json\/wp\/v2\/comments?post=24"}],"version-history":[{"count":3,"href":"http:\/\/tgsz.de\/wp\/wp-json\/wp\/v2\/pages\/24\/revisions"}],"predecessor-version":[{"id":176,"href":"http:\/\/tgsz.de\/wp\/wp-json\/wp\/v2\/pages\/24\/revisions\/176"}],"up":[{"embeddable":true,"href":"http:\/\/tgsz.de\/wp\/wp-json\/wp\/v2\/pages\/16"}],"wp:attachment":[{"href":"http:\/\/tgsz.de\/wp\/wp-json\/wp\/v2\/media?parent=24"}],"curies":[{"name":"wp","href":"https:\/\/api.w.org\/{rel}","templated":true}]}}